{"id":2,"date":"2022-02-23T14:29:23","date_gmt":"2022-02-23T13:29:23","guid":{"rendered":"https:\/\/cdi-sevigne.leonarddevinci-mayenne.fr\/?page_id=2"},"modified":"2022-06-02T13:43:23","modified_gmt":"2022-06-02T11:43:23","slug":"page-d-exemple","status":"publish","type":"page","link":"https:\/\/cdi-sevigne.leonarddevinci-mayenne.fr\/","title":{"rendered":""},"content":{"rendered":"\n<div class=\"wp-block-columns alignwide is-layout-flex wp-container-core-columns-is-layout-9d6595d7 wp-block-columns-is-layout-flex\">\n<div class=\"wp-block-column is-vertically-aligned-center is-layout-flow wp-block-column-is-layout-flow\">\n<div style=\"height:20px\" aria-hidden=\"true\" class=\"wp-block-spacer\"><\/div>\n\n\n\n<p class=\"has-text-align-center has-ast-global-color-5-background-color has-background\">La collaboration entre les professeurs documentalistes du coll\u00e8ge et du lyc\u00e9e a pour objectif de susciter l\u2019envie de lire, d\u2019\u00e9crire et d\u2019illustrer.<br>Des rencontres inter-\u00e9tablissement favorisent les \u00e9changes entre pairs et facilitent l\u2019int\u00e9gration des coll\u00e9giens au lyc\u00e9e.<br>Les \u00e9tudiants du lyc\u00e9e sont projet\u00e9s en situation professionnelle en r\u00e9alisant des produits de communication pour valoriser les actions <br>(affiches, brochures, site web, borne de lecture\u2026).<\/p>\n<\/div>\n<\/div>\n\n\n\n<div style=\"height:50px\" aria-hidden=\"true\" class=\"wp-block-spacer\"><\/div>\n\n\n\n<div class=\"wp-block-columns alignwide linkonimg is-layout-flex wp-container-core-columns-is-layout-9d6595d7 wp-block-columns-is-layout-flex\">\n<div class=\"wp-block-column is-layout-flow wp-block-column-is-layout-flow\" style=\"flex-basis:800px\">\n<div class=\"wp-block-cover is-light linkonimg\" style=\"min-height:520px;aspect-ratio:unset;\"><span aria-hidden=\"true\" class=\"wp-block-cover__background has-background-dim-20 has-background-dim\"><\/span><img loading=\"lazy\" decoding=\"async\" width=\"800\" height=\"520\" class=\"wp-block-cover__image-background wp-image-384\" alt=\"\" src=\"https:\/\/cdi-sevigne.leonarddevinci-mayenne.fr\/wp-content\/uploads\/2022\/03\/sitecoll_01W_eb.jpg\" style=\"object-position:50% 100%\" data-object-fit=\"cover\" data-object-position=\"50% 100%\" srcset=\"https:\/\/cdi-sevigne.leonarddevinci-mayenne.fr\/wp-content\/uploads\/2022\/03\/sitecoll_01W_eb.jpg 800w, https:\/\/cdi-sevigne.leonarddevinci-mayenne.fr\/wp-content\/uploads\/2022\/03\/sitecoll_01W_eb-300x195.jpg 300w, https:\/\/cdi-sevigne.leonarddevinci-mayenne.fr\/wp-content\/uploads\/2022\/03\/sitecoll_01W_eb-768x499.jpg 768w, https:\/\/cdi-sevigne.leonarddevinci-mayenne.fr\/wp-content\/uploads\/2022\/03\/sitecoll_01W_eb-24x16.jpg 24w, https:\/\/cdi-sevigne.leonarddevinci-mayenne.fr\/wp-content\/uploads\/2022\/03\/sitecoll_01W_eb-36x23.jpg 36w, https:\/\/cdi-sevigne.leonarddevinci-mayenne.fr\/wp-content\/uploads\/2022\/03\/sitecoll_01W_eb-48x31.jpg 48w\" sizes=\"auto, (max-width: 800px) 100vw, 800px\" \/><div class=\"wp-block-cover__inner-container is-layout-flow wp-block-cover-is-layout-flow\">\n<p class=\"has-text-align-center has-ast-global-color-5-color has-text-color has-large-font-size\"><a href=\"https:\/\/cdi-sevigne.leonarddevinci-mayenne.fr\/index.php\/cdi-college-sevigne\/\">CDI coll\u00e8ge<br>S\u00e9vign\u00e9<\/a><\/p>\n<\/div><\/div>\n<\/div>\n\n\n\n<div class=\"wp-block-column is-layout-flow wp-block-column-is-layout-flow\" style=\"flex-basis:800px\">\n<div class=\"wp-block-cover\" style=\"min-height:520px;aspect-ratio:unset;\"><span aria-hidden=\"true\" class=\"wp-block-cover__background has-background-dim-20 has-background-dim\"><\/span><img loading=\"lazy\" decoding=\"async\" width=\"800\" height=\"520\" class=\"wp-block-cover__image-background wp-image-382\" alt=\"\" src=\"https:\/\/cdi-sevigne.leonarddevinci-mayenne.fr\/wp-content\/uploads\/2022\/03\/sitelyce_01W_eb.jpg\" style=\"object-position:50% 84%\" data-object-fit=\"cover\" data-object-position=\"50% 84%\" srcset=\"https:\/\/cdi-sevigne.leonarddevinci-mayenne.fr\/wp-content\/uploads\/2022\/03\/sitelyce_01W_eb.jpg 800w, https:\/\/cdi-sevigne.leonarddevinci-mayenne.fr\/wp-content\/uploads\/2022\/03\/sitelyce_01W_eb-300x195.jpg 300w, https:\/\/cdi-sevigne.leonarddevinci-mayenne.fr\/wp-content\/uploads\/2022\/03\/sitelyce_01W_eb-768x499.jpg 768w, https:\/\/cdi-sevigne.leonarddevinci-mayenne.fr\/wp-content\/uploads\/2022\/03\/sitelyce_01W_eb-24x16.jpg 24w, https:\/\/cdi-sevigne.leonarddevinci-mayenne.fr\/wp-content\/uploads\/2022\/03\/sitelyce_01W_eb-36x23.jpg 36w, https:\/\/cdi-sevigne.leonarddevinci-mayenne.fr\/wp-content\/uploads\/2022\/03\/sitelyce_01W_eb-48x31.jpg 48w\" sizes=\"auto, (max-width: 800px) 100vw, 800px\" \/><div class=\"wp-block-cover__inner-container is-layout-flow wp-block-cover-is-layout-flow\">\n<p class=\"has-text-align-center has-ast-global-color-5-color has-text-color has-large-font-size\"><a href=\"https:\/\/cdi-sevigne.leonarddevinci-mayenne.fr\/index.php\/2022\/03\/01\/cdi-lycee-leonard-de-vinci\/\">CDI lyc\u00e9e<br>L\u00e9onard-de-Vinci<\/a><\/p>\n<\/div><\/div>\n<\/div>\n<\/div>\n\n\n\n<div style=\"height:50px\" aria-hidden=\"true\" class=\"wp-block-spacer\"><\/div>\n","protected":false},"excerpt":{"rendered":"<p>La collaboration entre les professeurs documentalistes du coll\u00e8ge et du lyc\u00e9e a pour objectif de susciter l\u2019envie de lire, d\u2019\u00e9crire et d\u2019illustrer.Des rencontres inter-\u00e9tablissement favorisent les \u00e9changes entre pairs et facilitent l\u2019int\u00e9gration des coll\u00e9giens au lyc\u00e9e.Les \u00e9tudiants du lyc\u00e9e sont projet\u00e9s en situation professionnelle en r\u00e9alisant des produits de communication pour valoriser les actions (affiches, &hellip;<\/p>\n<p class=\"read-more\"> <a class=\"\" href=\"https:\/\/cdi-sevigne.leonarddevinci-mayenne.fr\/\">  Lire la suite\u00a0\u00bb<\/a><\/p>\n","protected":false},"author":1,"featured_media":0,"parent":0,"menu_order":0,"comment_status":"closed","ping_status":"closed","template":"","meta":{"site-sidebar-layout":"default","site-content-layout":"default","ast-main-header-display":"","ast-hfb-above-header-display":"","ast-hfb-below-header-display":"","ast-hfb-mobile-header-display":"","site-post-title":"","ast-breadcrumbs-content":"","ast-featured-img":"","footer-sml-layout":"","theme-transparent-header-meta":"","adv-header-id-meta":"","stick-header-meta":"","header-above-stick-meta":"","header-main-stick-meta":"","header-below-stick-meta":"","footnotes":""},"class_list":["post-2","page","type-page","status-publish","hentry"],"yoast_head":"<!-- This site is optimized with the Yoast SEO plugin v27.5 - https:\/\/yoast.com\/product\/yoast-seo-wordpress\/ -->\n<title>- Site collaboratif S\u00e9vign\u00e9 - L\u00e9onard-de-Vinci<\/title>\n<meta name=\"robots\" content=\"index, follow, max-snippet:-1, max-image-preview:large, max-video-preview:-1\" \/>\n<link rel=\"canonical\" href=\"https:\/\/cdi-sevigne.leonarddevinci-mayenne.fr\/\" \/>\n<meta property=\"og:locale\" content=\"fr_FR\" \/>\n<meta property=\"og:type\" content=\"article\" \/>\n<meta property=\"og:title\" content=\"- Site collaboratif S\u00e9vign\u00e9 - L\u00e9onard-de-Vinci\" \/>\n<meta property=\"og:description\" content=\"La collaboration entre les professeurs documentalistes du coll\u00e8ge et du lyc\u00e9e a pour objectif de susciter l\u2019envie de lire, d\u2019\u00e9crire et d\u2019illustrer.Des rencontres inter-\u00e9tablissement favorisent les \u00e9changes entre pairs et facilitent l\u2019int\u00e9gration des coll\u00e9giens au lyc\u00e9e.Les \u00e9tudiants du lyc\u00e9e sont projet\u00e9s en situation professionnelle en r\u00e9alisant des produits de communication pour valoriser les actions (affiches, &hellip;  Lire la suite\u00a0\u00bb\" \/>\n<meta property=\"og:url\" content=\"https:\/\/cdi-sevigne.leonarddevinci-mayenne.fr\/\" \/>\n<meta property=\"og:site_name\" content=\"Site collaboratif S\u00e9vign\u00e9 - L\u00e9onard-de-Vinci\" \/>\n<meta property=\"article:modified_time\" content=\"2022-06-02T11:43:23+00:00\" \/>\n<meta property=\"og:image\" content=\"https:\/\/cdi-sevigne.leonarddevinci-mayenne.fr\/wp-content\/uploads\/2022\/03\/sitecoll_01W_eb.jpg\" \/>\n<meta name=\"twitter:card\" content=\"summary_large_image\" \/>\n<meta name=\"twitter:label1\" content=\"Dur\u00e9e de lecture estim\u00e9e\" \/>\n\t<meta name=\"twitter:data1\" content=\"1 minute\" \/>\n<script type=\"application\/ld+json\" class=\"yoast-schema-graph\">{\"@context\":\"https:\\\/\\\/schema.org\",\"@graph\":[{\"@type\":\"WebPage\",\"@id\":\"https:\\\/\\\/cdi-sevigne.leonarddevinci-mayenne.fr\\\/\",\"url\":\"https:\\\/\\\/cdi-sevigne.leonarddevinci-mayenne.fr\\\/\",\"name\":\"- Site collaboratif S\u00e9vign\u00e9 - L\u00e9onard-de-Vinci\",\"isPartOf\":{\"@id\":\"https:\\\/\\\/cdi-sevigne.leonarddevinci-mayenne.fr\\\/#website\"},\"primaryImageOfPage\":{\"@id\":\"https:\\\/\\\/cdi-sevigne.leonarddevinci-mayenne.fr\\\/#primaryimage\"},\"image\":{\"@id\":\"https:\\\/\\\/cdi-sevigne.leonarddevinci-mayenne.fr\\\/#primaryimage\"},\"thumbnailUrl\":\"http:\\\/\\\/cdi-sevigne.leonarddevinci-mayenne.fr\\\/wp-content\\\/uploads\\\/2022\\\/03\\\/sitecoll_01W_eb.jpg\",\"datePublished\":\"2022-02-23T13:29:23+00:00\",\"dateModified\":\"2022-06-02T11:43:23+00:00\",\"inLanguage\":\"fr-FR\",\"potentialAction\":[{\"@type\":\"ReadAction\",\"target\":[\"https:\\\/\\\/cdi-sevigne.leonarddevinci-mayenne.fr\\\/\"]}]},{\"@type\":\"ImageObject\",\"inLanguage\":\"fr-FR\",\"@id\":\"https:\\\/\\\/cdi-sevigne.leonarddevinci-mayenne.fr\\\/#primaryimage\",\"url\":\"https:\\\/\\\/cdi-sevigne.leonarddevinci-mayenne.fr\\\/wp-content\\\/uploads\\\/2022\\\/03\\\/sitecoll_01W_eb.jpg\",\"contentUrl\":\"https:\\\/\\\/cdi-sevigne.leonarddevinci-mayenne.fr\\\/wp-content\\\/uploads\\\/2022\\\/03\\\/sitecoll_01W_eb.jpg\",\"width\":800,\"height\":520},{\"@type\":\"WebSite\",\"@id\":\"https:\\\/\\\/cdi-sevigne.leonarddevinci-mayenne.fr\\\/#website\",\"url\":\"https:\\\/\\\/cdi-sevigne.leonarddevinci-mayenne.fr\\\/\",\"name\":\"Site collaboratif S\u00e9vign\u00e9 - L\u00e9onard-de-Vinci\",\"description\":\"\",\"publisher\":{\"@id\":\"https:\\\/\\\/cdi-sevigne.leonarddevinci-mayenne.fr\\\/#organization\"},\"potentialAction\":[{\"@type\":\"SearchAction\",\"target\":{\"@type\":\"EntryPoint\",\"urlTemplate\":\"https:\\\/\\\/cdi-sevigne.leonarddevinci-mayenne.fr\\\/?s={search_term_string}\"},\"query-input\":{\"@type\":\"PropertyValueSpecification\",\"valueRequired\":true,\"valueName\":\"search_term_string\"}}],\"inLanguage\":\"fr-FR\"},{\"@type\":\"Organization\",\"@id\":\"https:\\\/\\\/cdi-sevigne.leonarddevinci-mayenne.fr\\\/#organization\",\"name\":\"Site collaboratif S\u00e9vign\u00e9 - L\u00e9onard-de-Vinci\",\"url\":\"https:\\\/\\\/cdi-sevigne.leonarddevinci-mayenne.fr\\\/\",\"logo\":{\"@type\":\"ImageObject\",\"inLanguage\":\"fr-FR\",\"@id\":\"https:\\\/\\\/cdi-sevigne.leonarddevinci-mayenne.fr\\\/#\\\/schema\\\/logo\\\/image\\\/\",\"url\":\"https:\\\/\\\/cdi-sevigne.leonarddevinci-mayenne.fr\\\/wp-content\\\/uploads\\\/2022\\\/05\\\/cropped-sitelogo_01W_eb.png\",\"contentUrl\":\"https:\\\/\\\/cdi-sevigne.leonarddevinci-mayenne.fr\\\/wp-content\\\/uploads\\\/2022\\\/05\\\/cropped-sitelogo_01W_eb.png\",\"width\":178,\"height\":90,\"caption\":\"Site collaboratif S\u00e9vign\u00e9 - L\u00e9onard-de-Vinci\"},\"image\":{\"@id\":\"https:\\\/\\\/cdi-sevigne.leonarddevinci-mayenne.fr\\\/#\\\/schema\\\/logo\\\/image\\\/\"}}]}<\/script>\n<!-- \/ Yoast SEO plugin. -->","yoast_head_json":{"title":"- Site collaboratif S\u00e9vign\u00e9 - L\u00e9onard-de-Vinci","robots":{"index":"index","follow":"follow","max-snippet":"max-snippet:-1","max-image-preview":"max-image-preview:large","max-video-preview":"max-video-preview:-1"},"canonical":"https:\/\/cdi-sevigne.leonarddevinci-mayenne.fr\/","og_locale":"fr_FR","og_type":"article","og_title":"- Site collaboratif S\u00e9vign\u00e9 - L\u00e9onard-de-Vinci","og_description":"La collaboration entre les professeurs documentalistes du coll\u00e8ge et du lyc\u00e9e a pour objectif de susciter l\u2019envie de lire, d\u2019\u00e9crire et d\u2019illustrer.Des rencontres inter-\u00e9tablissement favorisent les \u00e9changes entre pairs et facilitent l\u2019int\u00e9gration des coll\u00e9giens au lyc\u00e9e.Les \u00e9tudiants du lyc\u00e9e sont projet\u00e9s en situation professionnelle en r\u00e9alisant des produits de communication pour valoriser les actions (affiches, &hellip;  Lire la suite\u00a0\u00bb","og_url":"https:\/\/cdi-sevigne.leonarddevinci-mayenne.fr\/","og_site_name":"Site collaboratif S\u00e9vign\u00e9 - L\u00e9onard-de-Vinci","article_modified_time":"2022-06-02T11:43:23+00:00","og_image":[{"url":"https:\/\/cdi-sevigne.leonarddevinci-mayenne.fr\/wp-content\/uploads\/2022\/03\/sitecoll_01W_eb.jpg","type":"","width":"","height":""}],"twitter_card":"summary_large_image","twitter_misc":{"Dur\u00e9e de lecture estim\u00e9e":"1 minute"},"schema":{"@context":"https:\/\/schema.org","@graph":[{"@type":"WebPage","@id":"https:\/\/cdi-sevigne.leonarddevinci-mayenne.fr\/","url":"https:\/\/cdi-sevigne.leonarddevinci-mayenne.fr\/","name":"- Site collaboratif S\u00e9vign\u00e9 - L\u00e9onard-de-Vinci","isPartOf":{"@id":"https:\/\/cdi-sevigne.leonarddevinci-mayenne.fr\/#website"},"primaryImageOfPage":{"@id":"https:\/\/cdi-sevigne.leonarddevinci-mayenne.fr\/#primaryimage"},"image":{"@id":"https:\/\/cdi-sevigne.leonarddevinci-mayenne.fr\/#primaryimage"},"thumbnailUrl":"https:\/\/cdi-sevigne.leonarddevinci-mayenne.fr\/wp-content\/uploads\/2022\/03\/sitecoll_01W_eb.jpg","datePublished":"2022-02-23T13:29:23+00:00","dateModified":"2022-06-02T11:43:23+00:00","inLanguage":"fr-FR","potentialAction":[{"@type":"ReadAction","target":["https:\/\/cdi-sevigne.leonarddevinci-mayenne.fr\/"]}]},{"@type":"ImageObject","inLanguage":"fr-FR","@id":"https:\/\/cdi-sevigne.leonarddevinci-mayenne.fr\/#primaryimage","url":"https:\/\/cdi-sevigne.leonarddevinci-mayenne.fr\/wp-content\/uploads\/2022\/03\/sitecoll_01W_eb.jpg","contentUrl":"https:\/\/cdi-sevigne.leonarddevinci-mayenne.fr\/wp-content\/uploads\/2022\/03\/sitecoll_01W_eb.jpg","width":800,"height":520},{"@type":"WebSite","@id":"https:\/\/cdi-sevigne.leonarddevinci-mayenne.fr\/#website","url":"https:\/\/cdi-sevigne.leonarddevinci-mayenne.fr\/","name":"Site collaboratif S\u00e9vign\u00e9 - L\u00e9onard-de-Vinci","description":"","publisher":{"@id":"https:\/\/cdi-sevigne.leonarddevinci-mayenne.fr\/#organization"},"potentialAction":[{"@type":"SearchAction","target":{"@type":"EntryPoint","urlTemplate":"https:\/\/cdi-sevigne.leonarddevinci-mayenne.fr\/?s={search_term_string}"},"query-input":{"@type":"PropertyValueSpecification","valueRequired":true,"valueName":"search_term_string"}}],"inLanguage":"fr-FR"},{"@type":"Organization","@id":"https:\/\/cdi-sevigne.leonarddevinci-mayenne.fr\/#organization","name":"Site collaboratif S\u00e9vign\u00e9 - L\u00e9onard-de-Vinci","url":"https:\/\/cdi-sevigne.leonarddevinci-mayenne.fr\/","logo":{"@type":"ImageObject","inLanguage":"fr-FR","@id":"https:\/\/cdi-sevigne.leonarddevinci-mayenne.fr\/#\/schema\/logo\/image\/","url":"https:\/\/cdi-sevigne.leonarddevinci-mayenne.fr\/wp-content\/uploads\/2022\/05\/cropped-sitelogo_01W_eb.png","contentUrl":"https:\/\/cdi-sevigne.leonarddevinci-mayenne.fr\/wp-content\/uploads\/2022\/05\/cropped-sitelogo_01W_eb.png","width":178,"height":90,"caption":"Site collaboratif S\u00e9vign\u00e9 - L\u00e9onard-de-Vinci"},"image":{"@id":"https:\/\/cdi-sevigne.leonarddevinci-mayenne.fr\/#\/schema\/logo\/image\/"}}]}},"_links":{"self":[{"href":"https:\/\/cdi-sevigne.leonarddevinci-mayenne.fr\/index.php\/wp-json\/wp\/v2\/pages\/2","targetHints":{"allow":["GET"]}}],"collection":[{"href":"https:\/\/cdi-sevigne.leonarddevinci-mayenne.fr\/index.php\/wp-json\/wp\/v2\/pages"}],"about":[{"href":"https:\/\/cdi-sevigne.leonarddevinci-mayenne.fr\/index.php\/wp-json\/wp\/v2\/types\/page"}],"author":[{"embeddable":true,"href":"https:\/\/cdi-sevigne.leonarddevinci-mayenne.fr\/index.php\/wp-json\/wp\/v2\/users\/1"}],"replies":[{"embeddable":true,"href":"https:\/\/cdi-sevigne.leonarddevinci-mayenne.fr\/index.php\/wp-json\/wp\/v2\/comments?post=2"}],"version-history":[{"count":113,"href":"https:\/\/cdi-sevigne.leonarddevinci-mayenne.fr\/index.php\/wp-json\/wp\/v2\/pages\/2\/revisions"}],"predecessor-version":[{"id":1346,"href":"https:\/\/cdi-sevigne.leonarddevinci-mayenne.fr\/index.php\/wp-json\/wp\/v2\/pages\/2\/revisions\/1346"}],"wp:attachment":[{"href":"https:\/\/cdi-sevigne.leonarddevinci-mayenne.fr\/index.php\/wp-json\/wp\/v2\/media?parent=2"}],"curies":[{"name":"wp","href":"https:\/\/api.w.org\/{rel}","templated":true}]}}